{"id":204,"date":"2025-05-21T15:39:14","date_gmt":"2025-05-21T15:39:14","guid":{"rendered":"https:\/\/laike.me\/?page_id=204"},"modified":"2026-02-09T11:58:55","modified_gmt":"2026-02-09T11:58:55","slug":"home-fr","status":"publish","type":"page","link":"https:\/\/staging-search.laike.me\/fr\/","title":{"rendered":"LAIKE.ME | HOME"},"content":{"rendered":"\r\n<p><script>alert(\"onbooarding francese non disponibile\");<\/script><\/p>\r\n","protected":false},"excerpt":{"rendered":"","protected":false},"author":1,"featured_media":294,"parent":0,"menu_order":0,"comment_status":"closed","ping_status":"closed","template":"page-prompt_v2.php","meta":{"_acf_changed":false,"inline_featured_image":false,"footnotes":""},"class_list":["post-204","page","type-page","status-publish","has-post-thumbnail","hentry"],"acf":[],"yoast_head":"<!-- This site is optimized with the Yoast SEO plugin v25.3 - https:\/\/yoast.com\/wordpress\/plugins\/seo\/ -->\n<title>LAIKE.ME - Transformez votre cr\u00e9ativit\u00e9 en produits concrets et cr\u00e9ez une boutique<\/title>\n<meta name=\"description\" content=\"Vos produits optimis\u00e9s par l&#039;IA, disponibles en quelques secondes.Notre IA g\u00e8re tout, de la conception \u00e0 la livraison.\" \/>\n<meta name=\"robots\" content=\"noindex, follow, max-snippet:-1, max-image-preview:large, max-video-preview:-1\" \/>\n<meta property=\"og:locale\" content=\"fr_FR\" \/>\n<meta property=\"og:type\" content=\"article\" \/>\n<meta property=\"og:title\" content=\"LAIKE.ME - Transformez votre cr\u00e9ativit\u00e9 en produits concrets et cr\u00e9ez une boutique\" \/>\n<meta property=\"og:description\" content=\"Vos produits optimis\u00e9s par l&#039;IA, disponibles en quelques secondes.Notre IA g\u00e8re tout, de la conception \u00e0 la livraison.\" \/>\n<meta property=\"og:url\" content=\"https:\/\/staging-search.laike.me\/fr\/\" \/>\n<meta property=\"og:site_name\" content=\"LAIKE ME\" \/>\n<meta property=\"article:modified_time\" content=\"2026-02-09T11:58:55+00:00\" \/>\n<meta property=\"og:image\" content=\"https:\/\/staging-search.laike.me\/app\/uploads\/2025\/06\/home-favicon.png\" \/>\n\t<meta property=\"og:image:width\" content=\"1625\" \/>\n\t<meta property=\"og:image:height\" content=\"1304\" \/>\n\t<meta property=\"og:image:type\" content=\"image\/png\" \/>\n<meta name=\"twitter:card\" content=\"summary_large_image\" \/>\n<meta name=\"twitter:label1\" content=\"Est. reading time\" \/>\n\t<meta name=\"twitter:data1\" content=\"1 minute\" \/>\n<script type=\"application\/ld+json\" class=\"yoast-schema-graph\">{\"@context\":\"https:\/\/schema.org\",\"@graph\":[{\"@type\":\"WebPage\",\"@id\":\"https:\/\/staging-search.laike.me\/fr\/\",\"url\":\"https:\/\/staging-search.laike.me\/fr\/\",\"name\":\"LAIKE.ME - Transformez votre cr\u00e9ativit\u00e9 en produits concrets et cr\u00e9ez une boutique\",\"isPartOf\":{\"@id\":\"https:\/\/staging-search.laike.me\/fr\/#website\"},\"primaryImageOfPage\":{\"@id\":\"https:\/\/staging-search.laike.me\/fr\/#primaryimage\"},\"image\":{\"@id\":\"https:\/\/staging-search.laike.me\/fr\/#primaryimage\"},\"thumbnailUrl\":\"https:\/\/staging-search.laike.me\/app\/uploads\/2025\/06\/home-favicon.png\",\"datePublished\":\"2025-05-21T15:39:14+00:00\",\"dateModified\":\"2026-02-09T11:58:55+00:00\",\"description\":\"Vos produits optimis\u00e9s par l'IA, disponibles en quelques secondes.Notre IA g\u00e8re tout, de la conception \u00e0 la livraison.\",\"breadcrumb\":{\"@id\":\"https:\/\/staging-search.laike.me\/fr\/#breadcrumb\"},\"inLanguage\":\"fr-FR\",\"potentialAction\":[{\"@type\":\"ReadAction\",\"target\":[\"https:\/\/staging-search.laike.me\/fr\/\"]}]},{\"@type\":\"ImageObject\",\"inLanguage\":\"fr-FR\",\"@id\":\"https:\/\/staging-search.laike.me\/fr\/#primaryimage\",\"url\":\"https:\/\/staging-search.laike.me\/app\/uploads\/2025\/06\/home-favicon.png\",\"contentUrl\":\"https:\/\/staging-search.laike.me\/app\/uploads\/2025\/06\/home-favicon.png\",\"width\":1625,\"height\":1304},{\"@type\":\"BreadcrumbList\",\"@id\":\"https:\/\/staging-search.laike.me\/fr\/#breadcrumb\",\"itemListElement\":[{\"@type\":\"ListItem\",\"position\":1,\"name\":\"Home\",\"item\":\"https:\/\/staging-search.laike.me\/fr\/\"},{\"@type\":\"ListItem\",\"position\":2,\"name\":\"LAIKE.ME | HOME\"}]},{\"@type\":\"WebSite\",\"@id\":\"https:\/\/staging-search.laike.me\/fr\/#website\",\"url\":\"https:\/\/staging-search.laike.me\/fr\/\",\"name\":\"LAIKE.ME\",\"description\":\"\",\"potentialAction\":[{\"@type\":\"SearchAction\",\"target\":{\"@type\":\"EntryPoint\",\"urlTemplate\":\"https:\/\/staging-search.laike.me\/fr\/?s={search_term_string}\"},\"query-input\":{\"@type\":\"PropertyValueSpecification\",\"valueRequired\":true,\"valueName\":\"search_term_string\"}}],\"inLanguage\":\"fr-FR\"}]}<\/script>\n<!-- \/ Yoast SEO plugin. -->","yoast_head_json":{"title":"LAIKE.ME - Transformez votre cr\u00e9ativit\u00e9 en produits concrets et cr\u00e9ez une boutique","description":"Vos produits optimis\u00e9s par l'IA, disponibles en quelques secondes.Notre IA g\u00e8re tout, de la conception \u00e0 la livraison.","robots":{"index":"noindex","follow":"follow","max-snippet":"max-snippet:-1","max-image-preview":"max-image-preview:large","max-video-preview":"max-video-preview:-1"},"og_locale":"fr_FR","og_type":"article","og_title":"LAIKE.ME - Transformez votre cr\u00e9ativit\u00e9 en produits concrets et cr\u00e9ez une boutique","og_description":"Vos produits optimis\u00e9s par l'IA, disponibles en quelques secondes.Notre IA g\u00e8re tout, de la conception \u00e0 la livraison.","og_url":"https:\/\/staging-search.laike.me\/fr\/","og_site_name":"LAIKE ME","article_modified_time":"2026-02-09T11:58:55+00:00","og_image":[{"width":1625,"height":1304,"url":"https:\/\/staging-search.laike.me\/app\/uploads\/2025\/06\/home-favicon.png","type":"image\/png"}],"twitter_card":"summary_large_image","twitter_misc":{"Est. reading time":"1 minute"},"schema":{"@context":"https:\/\/schema.org","@graph":[{"@type":"WebPage","@id":"https:\/\/staging-search.laike.me\/fr\/","url":"https:\/\/staging-search.laike.me\/fr\/","name":"LAIKE.ME - Transformez votre cr\u00e9ativit\u00e9 en produits concrets et cr\u00e9ez une boutique","isPartOf":{"@id":"https:\/\/staging-search.laike.me\/fr\/#website"},"primaryImageOfPage":{"@id":"https:\/\/staging-search.laike.me\/fr\/#primaryimage"},"image":{"@id":"https:\/\/staging-search.laike.me\/fr\/#primaryimage"},"thumbnailUrl":"https:\/\/staging-search.laike.me\/app\/uploads\/2025\/06\/home-favicon.png","datePublished":"2025-05-21T15:39:14+00:00","dateModified":"2026-02-09T11:58:55+00:00","description":"Vos produits optimis\u00e9s par l'IA, disponibles en quelques secondes.Notre IA g\u00e8re tout, de la conception \u00e0 la livraison.","breadcrumb":{"@id":"https:\/\/staging-search.laike.me\/fr\/#breadcrumb"},"inLanguage":"fr-FR","potentialAction":[{"@type":"ReadAction","target":["https:\/\/staging-search.laike.me\/fr\/"]}]},{"@type":"ImageObject","inLanguage":"fr-FR","@id":"https:\/\/staging-search.laike.me\/fr\/#primaryimage","url":"https:\/\/staging-search.laike.me\/app\/uploads\/2025\/06\/home-favicon.png","contentUrl":"https:\/\/staging-search.laike.me\/app\/uploads\/2025\/06\/home-favicon.png","width":1625,"height":1304},{"@type":"BreadcrumbList","@id":"https:\/\/staging-search.laike.me\/fr\/#breadcrumb","itemListElement":[{"@type":"ListItem","position":1,"name":"Home","item":"https:\/\/staging-search.laike.me\/fr\/"},{"@type":"ListItem","position":2,"name":"LAIKE.ME | HOME"}]},{"@type":"WebSite","@id":"https:\/\/staging-search.laike.me\/fr\/#website","url":"https:\/\/staging-search.laike.me\/fr\/","name":"LAIKE.ME","description":"","potentialAction":[{"@type":"SearchAction","target":{"@type":"EntryPoint","urlTemplate":"https:\/\/staging-search.laike.me\/fr\/?s={search_term_string}"},"query-input":{"@type":"PropertyValueSpecification","valueRequired":true,"valueName":"search_term_string"}}],"inLanguage":"fr-FR"}]}},"_links":{"self":[{"href":"https:\/\/staging-search.laike.me\/fr\/wp-json\/wp\/v2\/pages\/204","targetHints":{"allow":["GET"]}}],"collection":[{"href":"https:\/\/staging-search.laike.me\/fr\/wp-json\/wp\/v2\/pages"}],"about":[{"href":"https:\/\/staging-search.laike.me\/fr\/wp-json\/wp\/v2\/types\/page"}],"author":[{"embeddable":true,"href":"https:\/\/staging-search.laike.me\/fr\/wp-json\/wp\/v2\/users\/1"}],"replies":[{"embeddable":true,"href":"https:\/\/staging-search.laike.me\/fr\/wp-json\/wp\/v2\/comments?post=204"}],"version-history":[{"count":12,"href":"https:\/\/staging-search.laike.me\/fr\/wp-json\/wp\/v2\/pages\/204\/revisions"}],"predecessor-version":[{"id":615,"href":"https:\/\/staging-search.laike.me\/fr\/wp-json\/wp\/v2\/pages\/204\/revisions\/615"}],"wp:featuredmedia":[{"embeddable":true,"href":"https:\/\/staging-search.laike.me\/fr\/wp-json\/wp\/v2\/media\/294"}],"wp:attachment":[{"href":"https:\/\/staging-search.laike.me\/fr\/wp-json\/wp\/v2\/media?parent=204"}],"curies":[{"name":"wp","href":"https:\/\/api.w.org\/{rel}","templated":true}]}}